{"id":14,"date":"2024-12-11T19:36:37","date_gmt":"2024-12-11T18:36:37","guid":{"rendered":"https:\/\/latribueco.com\/?page_id=14"},"modified":"2024-12-11T19:36:37","modified_gmt":"2024-12-11T18:36:37","slug":"cookies","status":"publish","type":"page","link":"https:\/\/latribueco.com\/index.php\/cookies\/","title":{"rendered":"Cookies"},"content":{"rendered":"\n<p><\/p>\n\n\n\n<h2 class=\"wp-block-heading\">POL\u00cdTICA DE COOKIES<\/h2>\n\n\n\n<p>En cumplimiento con lo dispuesto en el art\u00edculo 22.2 de la Ley 34\/2002, de 11 de julio, de Servicios de la Sociedad de la Informaci\u00f3n y de Comercio Electr\u00f3nico, La Tribu ECO informa, en esta secci\u00f3n, sobre la pol\u00edtica de recogida y tratamiento de cookies.<\/p>\n\n\n\n<p>Al entrar en esta web ya has sido informado sobre la utilizaci\u00f3n de las cookies a trav\u00e9s de un aviso o alerta. Si has accedido y sigues navegando, est\u00e1s aceptando la instalaci\u00f3n de estas cookies.<\/p>\n\n\n\n<p>\u00bfQU\u00c9 ES UNA COOKIE?<\/p>\n\n\n\n<p>Una cookie es un fichero de texto inofensivo que se almacena en su navegador cuando visita casi cualquier p\u00e1gina web. La utilidad de la cookie es que la web sea capaz de recordar su visita cuando vuelva a navegar por esa p\u00e1gina. No es un virus, ni un troyano, ni un gusano, ni spam, ni spyware, ni abre ventanas pop-up.<\/p>\n\n\n\n<p>A continuaci\u00f3n adjuntamos una lista de las cookies principales que La Tribu ECO est\u00e1 utilizando:<\/p>\n\n\n\n<p>-utma, -utmb, -utmc, -utmz (Google Analytics): Recopila informaci\u00f3n an\u00f3nima sobre la navegaci\u00f3n de los usuarios por el sitio web con el fin de conocer el origen de las visitas y otros datos estad\u00edsticos similares.<\/p>\n\n\n\n<p>-Facebook Pixel: C\u00f3digo JavaScript para mejorar y optimizar las campa\u00f1as publicitarias lanzadas a trav\u00e9s de su plataforma y para ayudar a incrementar las conversiones v\u00eda remarketing de las campa\u00f1as publicitarias.<\/p>\n\n\n\n<p>-Cookies de terceros.<\/p>\n\n\n\n<p>-Desactivaci\u00f3n de Cookies: el Usuario podr\u00e1 -en cualquier momento- elegir qu\u00e9 cookies quiere que funcionen en este sitio web mediante la configuraci\u00f3n de su navegador para ser avisado de la recepci\u00f3n de cookies y para impedir su instalaci\u00f3n en su equipo.<\/p>\n\n\n\n<p>NAVEGACI\u00d3N WEB<\/p>\n\n\n\n<p>Durante la navegaci\u00f3n, y mediante el uso del formulario de reservas propio de La Tribu ECO, se compromete y acepta que su informaci\u00f3n de car\u00e1cter no personal, sea utilizado con fin comercial. De este modo La Tribu ECO podr\u00e1 enviarle ofertas y promociones a trav\u00e9s del correo electr\u00f3nico que nos facilite. Podr\u00e1 anular la recepci\u00f3n de emails comerciales a trav\u00e9s de nuestras formas de contacto que encontrar\u00e1 navegando por la web.<\/p>\n\n\n\n<p>\u00bfQU\u00c9 INFORMACI\u00d3N ALMACENA UNA COOKIE?<\/p>\n\n\n\n<p>Las cookies no suelen almacenar informaci\u00f3n sensible sobre usted, como tarjetas de cr\u00e9dito o datos bancarios, fotograf\u00edas, su DNI o informaci\u00f3n personal, etc. Los datos que guardan son de car\u00e1cter t\u00e9cnico, preferencias personales, personalizaci\u00f3n de contenidos, etc.<\/p>\n\n\n\n<p>El servidor web no le asocia a usted como persona si no a su navegador web. De hecho, si usted navega habitualmente con Internet Explorer y prueba a navegar por la misma web con<\/p>\n\n\n\n<p>Firefox o Chrome ver\u00e1 que la web no se da cuenta que es usted la misma persona porque en realidad est\u00e1 asociando al navegador, no a la persona.<\/p>\n\n\n\n<p>TIPOS DE COOKIES SEG\u00daN SU DURACI\u00d3N<\/p>\n\n\n\n<p>Cookie de sesi\u00f3n<\/p>\n\n\n\n<p>Son cookies temporales que permanecen en el archivo de cookies de su navegador hasta que abandone la p\u00e1gina web, por lo que ninguna queda registrada en el disco duro del usuario. La informaci\u00f3n obtenida por medio de estas cookies, sirve para analizar pautas de tr\u00e1fico en la web. A la larga, esto nos permite proporcionar una mejor experiencia mejorando el contenido y facilitando su uso.<\/p>\n\n\n\n<p>Cookie Permanente<\/p>\n\n\n\n<p>Son almacenadas en el disco duro y nuestra web las lee cada vez que usted realiza una nueva visita. Una cookie permanente posee una fecha de expiraci\u00f3n determinada y dejar\u00e1 de funcionar despu\u00e9s de esa fecha. Las utilizamos, generalmente, para facilitar los servicios de compra y registro.<\/p>\n\n\n\n<p>TIPOS DE COOKIES SEG\u00daN SU FINALIDAD<\/p>\n\n\n\n<p>Cookies t\u00e9cnicas<\/p>\n\n\n\n<p>Permiten al usuario la navegaci\u00f3n a trav\u00e9s de una p\u00e1gina web, plataforma o aplicaci\u00f3n y la utilizaci\u00f3n de las diferentes opciones o servicios que en ella existan como, por ejemplo, controlar el tr\u00e1fico y la comunicaci\u00f3n de datos, identificar la sesi\u00f3n, acceder a partes de acceso restringido, recordar los elementos que integran un pedido, realizar el proceso de compra de un pedido, realizar la solicitud de inscripci\u00f3n o participaci\u00f3n en un evento, utilizar elementos de seguridad durante la navegaci\u00f3n, almacenar contenidos para la difusi\u00f3n de v\u00eddeos o sonido o compartir contenidos a trav\u00e9s de redes sociales.<\/p>\n\n\n\n<p>Cookies de personalizaci\u00f3n<\/p>\n\n\n\n<p>Permiten al usuario acceder al servicio con algunas caracter\u00edsticas de car\u00e1cter general predefinidas en funci\u00f3n de una serie de criterios en el terminal del usuario como por ejemplo serian el idioma, el tipo de navegador a trav\u00e9s del cual accede al servicio, la configuraci\u00f3n regional desde donde accede al servicio, etc.<\/p>\n\n\n\n<p>Cookies de an\u00e1lisis<\/p>\n\n\n\n<p>Permiten al responsable de las mismas, el seguimiento y an\u00e1lisis del comportamiento de los usuarios de los sitios web a los que est\u00e1n vinculadas. La informaci\u00f3n recogida mediante este tipo de cookies se utiliza en la medici\u00f3n de la actividad de los sitios web, aplicaci\u00f3n o plataforma y para la elaboraci\u00f3n de perfiles de navegaci\u00f3n de los usuarios de dichos sitios, aplicaciones y plataformas, con el fin de introducir mejoras en funci\u00f3n del an\u00e1lisis de los datos de uso que hacen los usuarios del servicio.<\/p>\n\n\n\n<p>Cookies publicitarias<\/p>\n\n\n\n<p>Permiten la gesti\u00f3n, de la forma m\u00e1s eficaz posible, de los espacios publicitarios que, en su caso, el editor haya incluido en una p\u00e1gina web, aplicaci\u00f3n o plataforma desde la que presta el servicio solicitado en base a criterios como el contenido editado o la frecuencia en la que se muestran los anuncios.<\/p>\n\n\n\n<p>Cookies de publicidad comportamental<\/p>\n\n\n\n<p>Permiten la gesti\u00f3n, de la forma m\u00e1s eficaz posible, de los espacios publicitarios que, en su caso, el editor haya incluido en una p\u00e1gina web, aplicaci\u00f3n o plataforma desde la que presta el servicio solicitado. Estas cookies almacenan informaci\u00f3n del comportamiento de los usuarios obtenida a trav\u00e9s de la observaci\u00f3n continuada de sus h\u00e1bitos de navegaci\u00f3n, lo que permite desarrollar un perfil espec\u00edfico para mostrar publicidad en funci\u00f3n del mismo.<\/p>\n\n\n\n<p>TIPOS DE COOKIES SEG\u00daN SU GESTOR<\/p>\n\n\n\n<p>Cookies Propias del editor<\/p>\n\n\n\n<p>Las cookies propias se env\u00edan al equipo terminal del usuario desde un equipo o dominio gestionado por el propio editor y desde el que se presta el servicio solicitado por el usuario.<\/p>\n\n\n\n<p>Cookies de Terceros de un gestor ajeno<\/p>\n\n\n\n<p>Las cookies de terceros se env\u00edan al equipo terminal del usuario desde un equipo o dominio que no es gestionado por el editor, sino por otra entidad que trata los datos obtenidos a trav\u00e9s de las cookies. Tambi\u00e9n son de terceros las cookies instaladas por el editor pero gestionadas por un tercero.<\/p>\n\n\n\n<p>Para cualquier consulta puede contactar a trav\u00e9s de nuestro mail: hola@todossomosreciclaje.com<\/p>\n","protected":false},"excerpt":{"rendered":"<p>POL\u00cdTICA DE COOKIES En cumplimiento con lo dispuesto en el art\u00edculo 22.2 de la Ley 34\/2002, de 11 de julio, de Servicios de la Sociedad de la Informaci\u00f3n y de Comercio Electr\u00f3nico, La Tribu ECO informa, en esta secci\u00f3n, sobre la pol\u00edtica de recogida y tratamiento de cookies. Al entrar en esta web ya has [&hellip;]<\/p>\n","protected":false},"author":1,"featured_media":0,"parent":0,"menu_order":0,"comment_status":"closed","ping_status":"closed","template":"","meta":{"footnotes":""},"class_list":["post-14","page","type-page","status-publish","hentry"],"_links":{"self":[{"href":"https:\/\/latribueco.com\/index.php\/wp-json\/wp\/v2\/pages\/14","targetHints":{"allow":["GET"]}}],"collection":[{"href":"https:\/\/latribueco.com\/index.php\/wp-json\/wp\/v2\/pages"}],"about":[{"href":"https:\/\/latribueco.com\/index.php\/wp-json\/wp\/v2\/types\/page"}],"author":[{"embeddable":true,"href":"https:\/\/latribueco.com\/index.php\/wp-json\/wp\/v2\/users\/1"}],"replies":[{"embeddable":true,"href":"https:\/\/latribueco.com\/index.php\/wp-json\/wp\/v2\/comments?post=14"}],"version-history":[{"count":1,"href":"https:\/\/latribueco.com\/index.php\/wp-json\/wp\/v2\/pages\/14\/revisions"}],"predecessor-version":[{"id":15,"href":"https:\/\/latribueco.com\/index.php\/wp-json\/wp\/v2\/pages\/14\/revisions\/15"}],"wp:attachment":[{"href":"https:\/\/latribueco.com\/index.php\/wp-json\/wp\/v2\/media?parent=14"}],"curies":[{"name":"wp","href":"https:\/\/api.w.org\/{rel}","templated":true}]}}